{"id":1710,"date":"2021-07-18T01:05:21","date_gmt":"2021-07-18T01:05:21","guid":{"rendered":"https:\/\/cetico.rs\/?page_id=1710"},"modified":"2025-01-19T17:18:01","modified_gmt":"2025-01-19T17:18:01","slug":"home","status":"publish","type":"page","link":"https:\/\/cetico.rs\/sr\/","title":{"rendered":"Home"},"content":{"rendered":"<section class=\"gb-container gb-container-097d555a\">\n<div class=\"gb-container gb-container-c065edd9\">\n<div class=\"gb-container gb-container-190007bf\">\n\n<h1 class=\"gb-headline gb-headline-92594c1a gb-headline-text animated fadeIn\">Dobrodo\u0161li u  <mark class=\"gb-highlight\">CETICO<\/mark><\/h1>\n\n\n\n<p class=\"gb-headline gb-headline-6e4aeaf8 gb-headline-text animated fadeIn\">Va\u0161 pouzdan partner u <strong>projektovanju<\/strong>, <strong>savetovanju<\/strong> i <strong>nadzoru<\/strong> za sektor gra\u0111evinske i transportne infrastrukture<\/p>\n\n\n<div class=\"gb-container gb-container-f7871ea3\">\n\n<a class=\"gb-button gb-button-a8a4badd animated bounceIn delay-100ms\" href=\"https:\/\/cetico.rs\/sr\/nase-usluge\/\"><span class=\"gb-button-text\">Na\u0161e usluge<\/span><span class=\"gb-icon\"><svg aria-hidden=\"true\" role=\"img\" height=\"1em\" width=\"1em\" viewBox=\"0 0 256 512\" xmlns=\"http:\/\/www.w3.org\/2000\/svg\"><path fill=\"currentColor\" d=\"M224.3 273l-136 136c-9.4 9.4-24.6 9.4-33.9 0l-22.6-22.6c-9.4-9.4-9.4-24.6 0-33.9l96.4-96.4-96.4-96.4c-9.4-9.4-9.4-24.6 0-33.9L54.3 103c9.4-9.4 24.6-9.4 33.9 0l136 136c9.5 9.4 9.5 24.6.1 34z\"><\/path><\/svg><\/span><\/a>\n\n\n\n<a class=\"gb-button gb-button-fc42c45a animated bounceIn delay-200ms\" href=\"https:\/\/cetico.rs\/sr\/kontakt\/\"><span class=\"gb-button-text\">Kontakt<\/span><span class=\"gb-icon\"><svg aria-hidden=\"true\" role=\"img\" height=\"1em\" width=\"1em\" viewBox=\"0 0 256 512\" xmlns=\"http:\/\/www.w3.org\/2000\/svg\"><path fill=\"currentColor\" d=\"M224.3 273l-136 136c-9.4 9.4-24.6 9.4-33.9 0l-22.6-22.6c-9.4-9.4-9.4-24.6 0-33.9l96.4-96.4-96.4-96.4c-9.4-9.4-9.4-24.6 0-33.9L54.3 103c9.4-9.4 24.6-9.4 33.9 0l136 136c9.5 9.4 9.5 24.6.1 34z\"><\/path><\/svg><\/span><\/a>\n\n<\/div>\n<\/div>\n<\/div>\n<\/section>\n\n<section class=\"gb-container gb-container-2dd674d5\">\n<div class=\"gb-grid-wrapper gb-grid-wrapper-09fe3933\">\n<div class=\"gb-grid-column gb-grid-column-91435a0e\"><div class=\"gb-container gb-container-91435a0e animated fadeInLeft\">\n\n<h2 class=\"gb-headline gb-headline-560623bb gb-headline-text\">Projektovanje<\/h2>\n\n\n\n<figure class=\"gb-block-image gb-block-image-b84d0242\"><img loading=\"lazy\" decoding=\"async\" width=\"847\" height=\"605\" class=\"gb-image gb-image-b84d0242 image-shadow img\" src=\"https:\/\/cetico.rs\/wp-content\/uploads\/2025\/01\/design-services-8.webp\" alt=\"\" title=\"design-services-8\" srcset=\"https:\/\/cetico.rs\/wp-content\/uploads\/2025\/01\/design-services-8.webp 847w, https:\/\/cetico.rs\/wp-content\/uploads\/2025\/01\/design-services-8-300x214.webp 300w, https:\/\/cetico.rs\/wp-content\/uploads\/2025\/01\/design-services-8-768x549.webp 768w\" sizes=\"auto, (max-width: 847px) 100vw, 847px\" \/><\/figure>\n\n\n\n<p class=\"gb-headline gb-headline-697cbf58 gb-headline-text\">Na\u0161 tim iskusnih in\u017eenjera kombinuje stru\u010dnost, najsavremenije tehnologije i kreativnost kako bi pru\u017eio visokokvalitetna dizajnerska re\u0161enja koja prevazilaze o\u010dekivanja klijenata.<\/p>\n\n\n\n<a class=\"gb-button gb-button-0c6630c3 gb-button-text\" href=\"https:\/\/cetico.rs\/sr\/nase-usluge\/#projektovanje\">Saznaj vi\u0161e<\/a>\n\n<\/div><\/div>\n\n<div class=\"gb-grid-column gb-grid-column-e769288b\"><div class=\"gb-container gb-container-e769288b animated fadeIn\">\n\n<h2 class=\"gb-headline gb-headline-5e5b9a2a gb-headline-text\">Konsalting<\/h2>\n\n\n\n<figure class=\"gb-block-image gb-block-image-4e215ac0\"><img loading=\"lazy\" decoding=\"async\" width=\"706\" height=\"471\" class=\"gb-image gb-image-4e215ac0 image-shadow img\" src=\"https:\/\/cetico.rs\/wp-content\/uploads\/2025\/01\/consuluting-services-cetico.webp\" alt=\"\" title=\"consuluting-services-cetico\" srcset=\"https:\/\/cetico.rs\/wp-content\/uploads\/2025\/01\/consuluting-services-cetico.webp 706w, https:\/\/cetico.rs\/wp-content\/uploads\/2025\/01\/consuluting-services-cetico-300x200.webp 300w\" sizes=\"auto, (max-width: 706px) 100vw, 706px\" \/><\/figure>\n\n\n\n<p class=\"gb-headline gb-headline-6a111aa3 gb-headline-text\">Na\u0161e sveobuhvatne konsultantske usluge poma\u017eu klijentima da se kre\u0107u kroz slo\u017eene projekte sa poverenjem.<\/p>\n\n\n\n<a class=\"gb-button gb-button-7538881d gb-button-text\" href=\"https:\/\/cetico.rs\/sr\/nase-usluge\/#konsalting\">Saznaj vi\u0161e<\/a>\n\n<\/div><\/div>\n\n<div class=\"gb-grid-column gb-grid-column-f5bb5565\"><div class=\"gb-container gb-container-f5bb5565 animated fadeInRight\">\n\n<h2 class=\"gb-headline gb-headline-830d764e gb-headline-text\">Nadzor<\/h2>\n\n\n\n<figure class=\"gb-block-image gb-block-image-c2d52e8c\"><img loading=\"lazy\" decoding=\"async\" width=\"706\" height=\"471\" class=\"gb-image gb-image-c2d52e8c image-shadow img\" src=\"https:\/\/cetico.rs\/wp-content\/uploads\/2025\/01\/supervision-services.webp\" alt=\"\" title=\"supervision-services\" srcset=\"https:\/\/cetico.rs\/wp-content\/uploads\/2025\/01\/supervision-services.webp 706w, https:\/\/cetico.rs\/wp-content\/uploads\/2025\/01\/supervision-services-300x200.webp 300w\" sizes=\"auto, (max-width: 706px) 100vw, 706px\" \/><\/figure>\n\n\n\n<p class=\"gb-headline gb-headline-e46bbbca gb-headline-text\">Sa dugogodi\u0161njim iskustvom u slo\u017eenim projektima putne infrastrukture na Balkanu i \u0161ire, pru\u017eamo stru\u010dni nadzor u skladu sa ugovorima modela &nbsp;<strong>FIDIC<\/strong>, <strong>PRAG <\/strong>&nbsp;i lokalnim propisima<\/p>\n\n\n\n<a class=\"gb-button gb-button-4318dde4 gb-button-text\" href=\"https:\/\/cetico.rs\/sr\/nase-usluge\/#nadzor\">Saznaj vi\u0161e<\/a>\n\n<\/div><\/div>\n<\/div>\n<\/section>\n\n<section class=\"gb-container gb-container-c2f9b369\">\n<div class=\"gb-container gb-container-8689cbe2\">\n<div class=\"gb-container gb-container-cc87f069\">\n\n<figure class=\"gb-block-image gb-block-image-5f08a6f5\"><img loading=\"lazy\" decoding=\"async\" width=\"706\" height=\"471\" class=\"gb-image gb-image-5f08a6f5 animated fadeInLeft\" src=\"https:\/\/cetico.rs\/wp-content\/uploads\/2025\/01\/about-us-cetico-left.webp\" alt=\"\" title=\"about-us-cetico-left\" srcset=\"https:\/\/cetico.rs\/wp-content\/uploads\/2025\/01\/about-us-cetico-left.webp 706w, https:\/\/cetico.rs\/wp-content\/uploads\/2025\/01\/about-us-cetico-left-300x200.webp 300w\" sizes=\"auto, (max-width: 706px) 100vw, 706px\" \/><\/figure>\n\n\n\n<figure class=\"gb-block-image gb-block-image-56ec8661\"><img loading=\"lazy\" decoding=\"async\" width=\"706\" height=\"471\" class=\"gb-image gb-image-56ec8661 animated fadeInRight\" src=\"https:\/\/cetico.rs\/wp-content\/uploads\/2025\/01\/about-us-cetico-right.webp\" alt=\"\" title=\"about-us-cetico-right\" srcset=\"https:\/\/cetico.rs\/wp-content\/uploads\/2025\/01\/about-us-cetico-right.webp 706w, https:\/\/cetico.rs\/wp-content\/uploads\/2025\/01\/about-us-cetico-right-300x200.webp 300w\" sizes=\"auto, (max-width: 706px) 100vw, 706px\" \/><\/figure>\n\n<\/div>\n\n<div class=\"gb-container gb-container-fba3cabb animated fadeInUp\">\n\n<p class=\"gb-headline gb-headline-eaaeac5a gb-headline-text\">&#8222;Sa posve\u0107eno\u0161\u0107u izvrsnosti i inovacijama, isporu\u010dujemo prilago\u0111ena re\u0161enja koja zadovoljavaju globalne standarde i lokalne zahteve.&#8220;<\/p>\n\n\n\n<p class=\"gb-headline gb-headline-3637c095 gb-headline-text\">CETICO DOO<\/p>\n\n<\/div>\n<\/div>\n\n<div class=\"gb-container gb-container-965a56f6\">\n\n<h2 class=\"gb-headline gb-headline-841c68dc gb-headline-text\">O NAMA<\/h2>\n\n\n\n<p>U CETICO DOO Beograd smo specijalizovani za pru\u017eanje profesionalnih usluga u <strong>projektovanju<\/strong>, <strong>konsaltingu<\/strong> i <strong>nadzoru<\/strong> u gra\u0111evinarstvu.<\/p>\n\n\n\n<p>Sa timom iskusnih profesionalaca i iskustvom u uspe\u0161nim projektima \u0161irom <strong>Balkana<\/strong>, <strong>Skandinavije<\/strong> i <strong>Afrike<\/strong>, donosimo kreativan pristup usmeren na klijenta svakom projektu. Na\u0161a stru\u010dnost le\u017ei u pru\u017eanju inovativnih, odr\u017eivih i isplativih re\u0161enja za <strong>sektor transportne infrastrukture<\/strong>, obezbe\u0111uju\u0107i besprekorno izvr\u0161enje projekata i maksimalnu vrednost za na\u0161e klijente. Sa posve\u0107eno\u0161\u0107u izvrsnosti i inovacijama, isporu\u010dujemo prilago\u0111ena re\u0161enja koja zadovoljavaju globalne standarde i lokalne zahteve.<\/p>\n\n\n<div class=\"gb-container gb-container-77beb724\">\n<div class=\"gb-container gb-container-0eed2c04\">\n\n<h3 class=\"gb-headline gb-headline-e6252175\"><span class=\"gb-icon\"><svg viewBox=\"0 0 512 512\" xmlns=\"http:\/\/www.w3.org\/2000\/svg\"><path d=\"M404.267 315.41c-10.048-20.949-45.995-50.027-80.725-78.123-19.371-15.659-37.675-30.464-49.344-42.133-2.923-2.944-7.296-3.883-11.157-2.496-7.189 2.603-11.627 4.608-15.125 6.165-5.333 2.389-7.125 3.2-14.315 3.925a10.663 10.663 0 00-7.808 4.672c-15.083 22.549-30.699 20.629-41.131 17.131-3.328-1.109-3.925-2.539-4.245-3.904-2.24-9.365 9.003-31.168 23.573-45.739 34.667-34.688 52.544-43.371 90.304-26.496 42.837 19.157 85.76 34.155 86.187 34.304a10.654 10.654 0 0013.589-6.571c1.92-5.568-1.003-11.648-6.571-13.589-.427-.149-42.496-14.848-84.48-33.643-48.917-21.867-75.755-7.467-114.091 30.891-14.592 14.592-34.411 44.117-29.291 65.771 2.197 9.216 8.683 16.043 18.325 19.221 24.171 7.979 46.229.341 62.656-21.461 6.784-1.045 10.475-2.581 16.021-5.077a209.95 209.95 0 017.467-3.2c12.203 11.456 28.672 24.789 46.016 38.805 31.36 25.365 66.923 54.123 74.923 70.763 3.947 8.213-.299 13.568-3.179 16.021-4.224 3.627-10.005 4.779-13.141 2.581-3.456-2.368-7.957-2.517-11.52-.384a10.66 10.66 0 00-5.141 10.304c.725 6.784-5.483 10.667-8.171 12.011-6.827 3.456-13.952 2.859-16.619.384-2.987-2.773-7.275-3.584-11.072-2.176-3.797 1.429-6.443 4.928-6.827 8.981-.64 6.997-5.824 13.717-12.587 16.341-3.264 1.237-8 1.984-12.245-1.899a10.791 10.791 0 00-9.749-2.475 10.65 10.65 0 00-7.488 6.72c-.405 1.067-1.323 3.627-11.307 3.627-7.104 0-19.883-4.8-26.133-8.939-7.488-4.928-54.443-39.957-94.997-73.92-5.696-4.8-15.552-15.083-24.256-24.171-7.723-8.064-14.784-15.381-18.411-18.453-4.544-3.84-11.264-3.264-15.04 1.259-3.797 4.501-3.243 11.243 1.259 15.04 3.307 2.795 9.707 9.557 16.768 16.917 9.515 9.941 19.349 20.224 25.963 25.771 39.723 33.259 87.467 69.163 96.981 75.413 7.851 5.163 24.768 12.416 37.867 12.416 10.517 0 18.603-2.411 24.213-7.125 7.509 2.923 16.043 2.944 24.256-.256 9.707-3.755 17.685-11.328 22.208-20.501 8.405 1.792 18.027.533 26.773-3.861 8.555-4.309 14.741-10.901 17.813-18.603 8.491.448 17.237-2.56 24.469-8.768 12.247-10.474 15.617-26.772 8.535-41.471z\"><\/path><path d=\"M213.333 138.663h-96c-5.888 0-10.667 4.779-10.667 10.667s4.779 10.667 10.667 10.667h96c5.888 0 10.667-4.779 10.667-10.667s-4.779-10.667-10.667-10.667zM435.52 292.711c-3.307-4.885-9.92-6.229-14.805-2.901l-31.189 20.949c-4.885 3.285-6.187 9.92-2.901 14.805a10.717 10.717 0 008.875 4.715c2.027 0 4.096-.576 5.931-1.813l31.189-20.949c4.884-3.286 6.185-9.92 2.9-14.806zM369.301 343.613c-7.637-6.016-41.792-40.981-62.912-62.997-4.075-4.267-10.837-4.416-15.083-.32-4.267 4.075-4.395 10.837-.32 15.083 5.483 5.717 53.845 56.128 65.088 65.003a10.623 10.623 0 006.592 2.283c3.136 0 6.272-1.408 8.405-4.075 3.649-4.609 2.86-11.329-1.77-14.977zM326.677 365.01c-12.779-10.219-44.885-44.331-52.139-52.224-4.011-4.352-10.731-4.608-15.083-.64-4.331 3.989-4.629 10.752-.64 15.083.384.405 38.699 41.771 54.528 54.443a10.72 10.72 0 006.656 2.325c3.115 0 6.229-1.387 8.341-3.989 3.671-4.609 2.924-11.329-1.663-14.998zM284.224 386.493c-15.211-12.821-46.336-45.952-52.416-52.459-4.032-4.309-10.795-4.544-15.083-.512-4.309 4.032-4.523 10.773-.512 15.083 8.747 9.365 38.528 40.939 54.251 54.208a10.638 10.638 0 006.869 2.517c3.029 0 6.059-1.301 8.171-3.797 3.797-4.523 3.221-11.243-1.28-15.04z\"><\/path><path d=\"M124.672 120.253C106.389 102.93 33.28 97.319 11.307 96.018c-3.029-.149-5.824.853-7.957 2.88A10.662 10.662 0 000 106.663v192c0 5.888 4.779 10.667 10.667 10.667h64c4.608 0 8.704-2.965 10.133-7.36 1.557-4.779 38.315-117.589 43.157-173.056.278-3.243-.917-6.443-3.285-8.661zM66.88 287.997H21.333V118.098c34.283 2.709 71.275 8.597 84.715 15.125-5.653 46.72-31.232 129.728-39.168 154.774zM501.333 117.33c-83.755 0-130.219 21.44-132.16 22.336-2.773 1.301-4.843 3.712-5.696 6.635s-.427 6.059 1.173 8.661c13.184 21.227 54.464 139.115 62.4 167.872a10.665 10.665 0 0010.283 7.829h64c5.888 0 10.667-4.779 10.667-10.667v-192a10.657 10.657 0 00-10.667-10.666zm-10.666 192h-45.355c-10.112-32.939-39.979-118.827-56.64-154.325 16.277-5.525 51.243-15.019 101.995-16.213V309.33z\"><\/path><\/svg><\/span><span class=\"gb-headline-text\">Mi garantujemo<\/span><\/h3>\n\n<\/div>\n\n<div class=\"gb-container gb-container-ac23d85c\">\n\n<p class=\"gb-headline gb-headline-87f0a26f\"><span class=\"gb-icon\"><svg aria-hidden=\"true\" role=\"img\" height=\"1em\" width=\"1em\" viewBox=\"0 0 512 512\" xmlns=\"http:\/\/www.w3.org\/2000\/svg\"><path fill=\"currentColor\" d=\"M173.898 439.404l-166.4-166.4c-9.997-9.997-9.997-26.206 0-36.204l36.203-36.204c9.997-9.998 26.207-9.998 36.204 0L192 312.69 432.095 72.596c9.997-9.997 26.207-9.997 36.204 0l36.203 36.204c9.997 9.997 9.997 26.206 0 36.204l-294.4 294.401c-9.998 9.997-26.207 9.997-36.204-.001z\"><\/path><\/svg><\/span><span class=\"gb-headline-text\">Efikasnost<\/span><\/p>\n\n\n\n<p class=\"gb-headline gb-headline-aea8fc76\"><span class=\"gb-icon\"><svg xmlns=\"http:\/\/www.w3.org\/2000\/svg\" viewBox=\"0 0 512 512\" width=\"1em\" height=\"1em\" aria-hidden=\"true\"><path d=\"M173.898 439.404l-166.4-166.4c-9.997-9.997-9.997-26.206 0-36.204l36.203-36.204c9.997-9.998 26.207-9.998 36.204 0L192 312.69 432.095 72.596c9.997-9.997 26.207-9.997 36.204 0l36.203 36.204c9.997 9.997 9.997 26.206 0 36.204l-294.4 294.401c-9.998 9.997-26.207 9.997-36.204-.001z\" fill=\"currentColor\"><\/path><\/svg><\/span><span class=\"gb-headline-text\">Odr\u017eivost<\/span><\/p>\n\n\n\n<p class=\"gb-headline gb-headline-6bc80e23\"><span class=\"gb-icon\"><svg xmlns=\"http:\/\/www.w3.org\/2000\/svg\" viewBox=\"0 0 512 512\" width=\"1em\" height=\"1em\" aria-hidden=\"true\"><path d=\"M173.898 439.404l-166.4-166.4c-9.997-9.997-9.997-26.206 0-36.204l36.203-36.204c9.997-9.998 26.207-9.998 36.204 0L192 312.69 432.095 72.596c9.997-9.997 26.207-9.997 36.204 0l36.203 36.204c9.997 9.997 9.997 26.206 0 36.204l-294.4 294.401c-9.998 9.997-26.207 9.997-36.204-.001z\" fill=\"currentColor\"><\/path><\/svg><\/span><span class=\"gb-headline-text\">Integritet<\/span><\/p>\n\n\n\n<p class=\"gb-headline gb-headline-f433c46f\"><span class=\"gb-icon\"><svg xmlns=\"http:\/\/www.w3.org\/2000\/svg\" viewBox=\"0 0 512 512\" width=\"1em\" height=\"1em\" aria-hidden=\"true\"><path d=\"M173.898 439.404l-166.4-166.4c-9.997-9.997-9.997-26.206 0-36.204l36.203-36.204c9.997-9.998 26.207-9.998 36.204 0L192 312.69 432.095 72.596c9.997-9.997 26.207-9.997 36.204 0l36.203 36.204c9.997 9.997 9.997 26.206 0 36.204l-294.4 294.401c-9.998 9.997-26.207 9.997-36.204-.001z\" fill=\"currentColor\"><\/path><\/svg><\/span><span class=\"gb-headline-text\">Kompetentnost<\/span><\/p>\n\n<\/div>\n<\/div>\n<\/div>\n<\/section>\n\n<section class=\"gb-container gb-container-ce238ae1\">\n<div class=\"gb-container gb-container-b78a9640 animated fadeIn delay-100ms\"><\/div>\n\n<div class=\"gb-container gb-container-614f0bc3 animated fadeIn delay-100ms\">\n\n<h2 class=\"gb-headline gb-headline-47993ab2 gb-headline-text\">NA\u0160A VIZIJA<\/h2>\n\n\n\n<p>Na\u0161a vizija je da postavimo nove standarde u <strong>projektovanju i konsaltingu transportne infrastrukture<\/strong>, nude\u0107i odr\u017eiva i efikasna re\u0161enja prilago\u0111ena lokalnim uslovima. Te\u017eimo da:<\/p>\n\n\n\n<ul class=\"wp-block-list\">\n<li>Podr\u017eimo ekonomski rast i pobolj\u0161anje \u017eivotne uslove kroz modernu infrastrukturu.<\/li>\n\n\n\n<li>Iskoristite na\u0161e globalno iskustvo da se prilagodimo razli\u010ditim potrebama tr\u017ei\u0161ta i propisima.<\/li>\n\n\n\n<li>Kontinuirano integri\u0161emo najsavremenije tehnologije i trendove u industriji u na\u0161e projekte.<\/li>\n<\/ul>\n\n\n\n<p>Posve\u0107eni smo izgradnji dugoro\u010dnih partnerstava sa na\u0161im klijentima, osiguravaju\u0107i da njihovi interesi ostanu ispred svake odluke.<\/p>\n\n<\/div>\n<\/section>\n\n<div class=\"gb-container gb-container-8f09ebe6\"><div class=\"gb-inside-container\">\n\n<h3 class=\"gb-headline gb-headline-efe08fd0\"><span class=\"gb-icon\"><svg aria-hidden=\"true\" role=\"img\" height=\"1em\" width=\"1em\" viewBox=\"0 0 448 512\" xmlns=\"http:\/\/www.w3.org\/2000\/svg\"><path fill=\"currentColor\" d=\"M400 32H48C21.49 32 0 53.49 0 80v352c0 26.51 21.49 48 48 48h352c26.51 0 48-21.49 48-48V80c0-26.51-21.49-48-48-48zm0 400H48V80h352v352zm-35.864-241.724L191.547 361.48c-4.705 4.667-12.303 4.637-16.97-.068l-90.781-91.516c-4.667-4.705-4.637-12.303.069-16.971l22.719-22.536c4.705-4.667 12.303-4.637 16.97.069l59.792 60.277 141.352-140.216c4.705-4.667 12.303-4.637 16.97.068l22.536 22.718c4.667 4.706 4.637 12.304-.068 16.971z\"><\/path><\/svg><\/span><span class=\"gb-headline-text\">Kontaktirajte nas<\/span><\/h3>\n\n\n\n<figure class=\"gb-block-image gb-block-image-5f9a1854\"><img loading=\"lazy\" decoding=\"async\" width=\"350\" height=\"74\" class=\"gb-image gb-image-5f9a1854\" src=\"https:\/\/cetico.rs\/wp-content\/uploads\/2025\/01\/CETICO-logo-white.png\" alt=\"\" title=\"CETICO-logo-white\" srcset=\"https:\/\/cetico.rs\/wp-content\/uploads\/2025\/01\/CETICO-logo-white.png 350w, https:\/\/cetico.rs\/wp-content\/uploads\/2025\/01\/CETICO-logo-white-300x63.png 300w\" sizes=\"auto, (max-width: 350px) 100vw, 350px\" \/><\/figure>\n\n\n\n<p class=\"has-text-align-center has-white-color has-text-color\">Hajde da zajedno radimo na oblikovanju budu\u0107nosti infrastrukture u Srbiji i \u0161ire. Radujemo se saradnji sa vama na va\u0161em slede\u0107em projektu!<\/p>\n\n\n<div class=\"gb-button-wrapper gb-button-wrapper-93310676\">\n\n<a class=\"gb-button gb-button-c3f8336d animated bounceIn\" href=\"https:\/\/cetico.rs\/sr\/kontakt\/\"><span class=\"gb-button-text\">kontakt<\/span><span class=\"gb-icon\"><svg xmlns=\"http:\/\/www.w3.org\/2000\/svg\" viewBox=\"0 0 256 512\" width=\"1em\" height=\"1em\" aria-hidden=\"true\"><path d=\"M224.3 273l-136 136c-9.4 9.4-24.6 9.4-33.9 0l-22.6-22.6c-9.4-9.4-9.4-24.6 0-33.9l96.4-96.4-96.4-96.4c-9.4-9.4-9.4-24.6 0-33.9L54.3 103c9.4-9.4 24.6-9.4 33.9 0l136 136c9.5 9.4 9.5 24.6.1 34z\" fill=\"currentColor\"><\/path><\/svg><\/span><\/a>\n\n<\/div>\n<\/div><div class=\"gb-shapes\"><div class=\"gb-shape gb-shape-1\"><svg xmlns=\"http:\/\/www.w3.org\/2000\/svg\" viewBox=\"0 0 1200 50\" preserveAspectRatio=\"none\"><path d=\"M640 30L600 0l-40 30H0v20h1200V30z\"\/><\/svg><\/div><\/div><\/div>","protected":false},"excerpt":{"rendered":"<p>Dobrodo\u0161li u CETICO Va\u0161 pouzdan partner u projektovanju, savetovanju i nadzoru za sektor gra\u0111evinske i transportne infrastrukture &#8222;Sa posve\u0107eno\u0161\u0107u izvrsnosti i inovacijama, isporu\u010dujemo prilago\u0111ena re\u0161enja koja zadovoljavaju globalne standarde i lokalne zahteve.&#8220; CETICO DOO O NAMA U CETICO DOO Beograd smo specijalizovani za pru\u017eanje profesionalnih usluga u projektovanju, konsaltingu i nadzoru u gra\u0111evinarstvu. Sa timom &#8230; <a title=\"Home\" class=\"read-more\" href=\"https:\/\/cetico.rs\/sr\/\" aria-label=\"Read more about Home\">Read more<\/a><\/p>\n","protected":false},"author":1,"featured_media":0,"parent":0,"menu_order":0,"comment_status":"closed","ping_status":"closed","template":"","meta":{"_seopress_robots_primary_cat":"","_seopress_titles_title":"","_seopress_titles_desc":"","_seopress_robots_index":"","footnotes":""},"class_list":["post-1710","page","type-page","status-publish"],"_links":{"self":[{"href":"https:\/\/cetico.rs\/sr\/wp-json\/wp\/v2\/pages\/1710","targetHints":{"allow":["GET"]}}],"collection":[{"href":"https:\/\/cetico.rs\/sr\/wp-json\/wp\/v2\/pages"}],"about":[{"href":"https:\/\/cetico.rs\/sr\/wp-json\/wp\/v2\/types\/page"}],"author":[{"embeddable":true,"href":"https:\/\/cetico.rs\/sr\/wp-json\/wp\/v2\/users\/1"}],"replies":[{"embeddable":true,"href":"https:\/\/cetico.rs\/sr\/wp-json\/wp\/v2\/comments?post=1710"}],"version-history":[{"count":5,"href":"https:\/\/cetico.rs\/sr\/wp-json\/wp\/v2\/pages\/1710\/revisions"}],"predecessor-version":[{"id":1815,"href":"https:\/\/cetico.rs\/sr\/wp-json\/wp\/v2\/pages\/1710\/revisions\/1815"}],"wp:attachment":[{"href":"https:\/\/cetico.rs\/sr\/wp-json\/wp\/v2\/media?parent=1710"}],"curies":[{"name":"wp","href":"https:\/\/api.w.org\/{rel}","templated":true}]}}