{"id":1715,"date":"2021-07-18T02:07:54","date_gmt":"2021-07-18T02:07:54","guid":{"rendered":"https:\/\/cetico.rs\/?page_id=1715"},"modified":"2025-01-19T14:00:33","modified_gmt":"2025-01-19T14:00:33","slug":"kontakt","status":"publish","type":"page","link":"https:\/\/cetico.rs\/sr\/kontakt\/","title":{"rendered":"Kontakt"},"content":{"rendered":"<section class=\"gb-container gb-container-5f48393a\">\n<div class=\"gb-container gb-container-78671382\" style=\"background-image: url(https:\/\/cetico.rs\/wp-content\/uploads\/2025\/01\/contact-cetico.webp);\"><\/div>\n\n<div class=\"gb-container gb-container-d5af91d3\">\n\n<h2 class=\"gb-headline gb-headline-7fdc32dc heading-icon-reversed\"><span class=\"gb-icon\"><svg viewBox=\"0 0 612 612\" xmlns=\"http:\/\/www.w3.org\/2000\/svg\"><path d=\"M0 287.468h612v37.064H0z\"><\/path><\/svg><\/span><span class=\"gb-headline-text\">Kontaktirajte nas<\/span><\/h2>\n\n\n\n<h2 class=\"gb-headline gb-headline-d07c52b5 gb-headline-text\">Ukoliko imate dodatna pitanja<\/h2>\n\n\n\n<figure class=\"gb-block-image gb-block-image-073ae928\"><img loading=\"lazy\" decoding=\"async\" width=\"300\" height=\"61\" class=\"gb-image gb-image-073ae928\" src=\"https:\/\/cetico.rs\/wp-content\/uploads\/2025\/01\/cetico-logo-wh.png\" alt=\"\" title=\"cetico-logo-wh\"\/><\/figure>\n\n\n\n<p class=\"gb-headline gb-headline-2b6b82fe gb-headline-text\">Hajde da zajedno radimo na oblikovanju budu\u0107nosti infrastrukture u Srbiji i \u0161ire. Radujemo se saradnji sa vama na va\u0161em slede\u0107em projektu!<\/p>\n\n\n\n<p class=\"gb-headline gb-headline-be4a6043\"><span class=\"gb-icon\"><svg viewBox=\"0 0 512 512\" xmlns=\"http:\/\/www.w3.org\/2000\/svg\"><path d=\"M467 61H45C20.218 61 0 81.196 0 106v300c0 24.72 20.128 45 45 45h422c24.72 0 45-20.128 45-45V106c0-24.72-20.128-45-45-45zm-6.214 30L256.954 294.833 51.359 91h409.427zM30 399.788V112.069l144.479 143.24L30 399.788zM51.213 421l144.57-144.57 50.657 50.222c5.864 5.814 15.327 5.795 21.167-.046L317 277.213 460.787 421H51.213zM482 399.787L338.213 256 482 112.212v287.575z\"><\/path><\/svg><\/span><span class=\"gb-headline-text\"><a href=\"mailto:office@cetico.rs\">office@cetico.rs<\/a><\/span><\/p>\n\n<\/div>\n<\/section>","protected":false},"excerpt":{"rendered":"<p>Kontaktirajte nas Ukoliko imate dodatna pitanja Hajde da zajedno radimo na oblikovanju budu\u0107nosti infrastrukture u Srbiji i \u0161ire. Radujemo se saradnji sa vama na va\u0161em slede\u0107em projektu! office@cetico.rs<\/p>\n","protected":false},"author":1,"featured_media":1709,"parent":0,"menu_order":0,"comment_status":"closed","ping_status":"closed","template":"","meta":{"_seopress_robots_primary_cat":"","_seopress_titles_title":"","_seopress_titles_desc":"","_seopress_robots_index":"","footnotes":""},"class_list":["post-1715","page","type-page","status-publish","has-post-thumbnail"],"_links":{"self":[{"href":"https:\/\/cetico.rs\/sr\/wp-json\/wp\/v2\/pages\/1715","targetHints":{"allow":["GET"]}}],"collection":[{"href":"https:\/\/cetico.rs\/sr\/wp-json\/wp\/v2\/pages"}],"about":[{"href":"https:\/\/cetico.rs\/sr\/wp-json\/wp\/v2\/types\/page"}],"author":[{"embeddable":true,"href":"https:\/\/cetico.rs\/sr\/wp-json\/wp\/v2\/users\/1"}],"replies":[{"embeddable":true,"href":"https:\/\/cetico.rs\/sr\/wp-json\/wp\/v2\/comments?post=1715"}],"version-history":[{"count":4,"href":"https:\/\/cetico.rs\/sr\/wp-json\/wp\/v2\/pages\/1715\/revisions"}],"predecessor-version":[{"id":1804,"href":"https:\/\/cetico.rs\/sr\/wp-json\/wp\/v2\/pages\/1715\/revisions\/1804"}],"wp:featuredmedia":[{"embeddable":true,"href":"https:\/\/cetico.rs\/sr\/wp-json\/wp\/v2\/media\/1709"}],"wp:attachment":[{"href":"https:\/\/cetico.rs\/sr\/wp-json\/wp\/v2\/media?parent=1715"}],"curies":[{"name":"wp","href":"https:\/\/api.w.org\/{rel}","templated":true}]}}