{"id":1717,"date":"2021-07-18T02:05:29","date_gmt":"2021-07-18T02:05:29","guid":{"rendered":"https:\/\/cetico.rs\/?page_id=1717"},"modified":"2025-01-19T13:32:40","modified_gmt":"2025-01-19T13:32:40","slug":"partneri","status":"publish","type":"page","link":"https:\/\/cetico.rs\/sr\/partneri\/","title":{"rendered":"Partneri"},"content":{"rendered":"<section class=\"gb-container gb-container-3e520487\">\n<div class=\"gb-container gb-container-5881831a\">\n<div class=\"gb-container gb-container-589a72f3\">\n<div class=\"gb-container gb-container-290655dc\">\n\n<figure class=\"gb-block-image gb-block-image-9ad0fdbf\"><img loading=\"lazy\" decoding=\"async\" width=\"300\" height=\"168\" class=\"gb-image gb-image-9ad0fdbf animated fadeInLeft\" src=\"https:\/\/cetico.rs\/wp-content\/uploads\/2025\/01\/partners-1-300x168.webp\" alt=\"\" title=\"partners-1\" srcset=\"https:\/\/cetico.rs\/wp-content\/uploads\/2025\/01\/partners-1-300x168.webp 300w, https:\/\/cetico.rs\/wp-content\/uploads\/2025\/01\/partners-1-1024x574.webp 1024w, https:\/\/cetico.rs\/wp-content\/uploads\/2025\/01\/partners-1-768x431.webp 768w, https:\/\/cetico.rs\/wp-content\/uploads\/2025\/01\/partners-1.webp 1150w\" sizes=\"auto, (max-width: 300px) 100vw, 300px\" \/><\/figure>\n\n<\/div>\n\n<div class=\"gb-container gb-container-954bf861\">\n\n<figure class=\"gb-block-image gb-block-image-7ce3f28b\"><img loading=\"lazy\" decoding=\"async\" width=\"1024\" height=\"767\" class=\"gb-image gb-image-7ce3f28b animated fadeInRight\" src=\"https:\/\/cetico.rs\/wp-content\/uploads\/2025\/01\/partners-3-1024x767.webp\" alt=\"\" title=\"partners-3\" srcset=\"https:\/\/cetico.rs\/wp-content\/uploads\/2025\/01\/partners-3-1024x767.webp 1024w, https:\/\/cetico.rs\/wp-content\/uploads\/2025\/01\/partners-3-300x225.webp 300w, https:\/\/cetico.rs\/wp-content\/uploads\/2025\/01\/partners-3-768x576.webp 768w, https:\/\/cetico.rs\/wp-content\/uploads\/2025\/01\/partners-3-1536x1151.webp 1536w, https:\/\/cetico.rs\/wp-content\/uploads\/2025\/01\/partners-3.webp 2000w\" sizes=\"auto, (max-width: 1024px) 100vw, 1024px\" \/><\/figure>\n\n<\/div>\n<\/div>\n\n<div class=\"gb-container gb-container-509cefbf animated fadeInUp\"><\/div>\n<\/div>\n\n<div class=\"gb-container gb-container-a165696b animated fadeIn\">\n\n<h2 class=\"gb-headline gb-headline-12c9d364 gb-headline-text\">na\u0161i  PARTNERi<\/h2>\n\n\n\n<p>Tokom godina razvili smo sna\u017ena partnerstva sa vode\u0107im dizajnerskim i konsultantskim kompanijama, kao i stru\u010dnjacima iz razli\u010ditih tehni\u010dkih disciplina. To nam omogu\u0107ava da ponudimo sveobuhvatnu ekspertizu u:<\/p>\n\n\n\n<ul class=\"wp-block-list\">\n<li><strong>Geotehnika;<\/strong><\/li>\n\n\n\n<li><strong>Hidrotehni\u010dki in\u017eenjering;<\/strong><\/li>\n\n\n\n<li><strong>Geodezija;<\/strong><\/li>\n\n\n\n<li><strong>Konstruktivni in\u017eenjering;<\/strong><\/li>\n\n\n\n<li><strong>Pejza\u017ena arhitektura;<\/strong><\/li>\n\n\n\n<li><strong>Elektri\u010dna infrastruktura;<\/strong><\/li>\n\n\n\n<li><strong>Javna rasveta.<\/strong><\/li>\n<\/ul>\n\n\n\n<p>Kroz na\u0161u mre\u017eu pouzdanih partnera, obezbe\u0111ujemo da svaki projekat ima koristi od multidisciplinarne ekspertize i besprekorne koordinacije.ultidisciplinary expertise and seamless coordination.<\/p>\n\n<\/div>\n<\/section>\n\n<div class=\"gb-container gb-container-8f09ebe6\"><div class=\"gb-inside-container\">\n\n<h3 class=\"gb-headline gb-headline-efe08fd0\"><span class=\"gb-icon\"><svg aria-hidden=\"true\" role=\"img\" height=\"1em\" width=\"1em\" viewBox=\"0 0 448 512\" xmlns=\"http:\/\/www.w3.org\/2000\/svg\"><path fill=\"currentColor\" d=\"M400 32H48C21.49 32 0 53.49 0 80v352c0 26.51 21.49 48 48 48h352c26.51 0 48-21.49 48-48V80c0-26.51-21.49-48-48-48zm0 400H48V80h352v352zm-35.864-241.724L191.547 361.48c-4.705 4.667-12.303 4.637-16.97-.068l-90.781-91.516c-4.667-4.705-4.637-12.303.069-16.971l22.719-22.536c4.705-4.667 12.303-4.637 16.97.069l59.792 60.277 141.352-140.216c4.705-4.667 12.303-4.637 16.97.068l22.536 22.718c4.667 4.706 4.637 12.304-.068 16.971z\"><\/path><\/svg><\/span><span class=\"gb-headline-text\">Kontaktirajte nas<\/span><\/h3>\n\n\n\n<figure class=\"gb-block-image gb-block-image-5f9a1854\"><img loading=\"lazy\" decoding=\"async\" width=\"350\" height=\"74\" class=\"gb-image gb-image-5f9a1854\" src=\"https:\/\/cetico.rs\/wp-content\/uploads\/2025\/01\/CETICO-logo-white.png\" alt=\"\" title=\"CETICO-logo-white\" srcset=\"https:\/\/cetico.rs\/wp-content\/uploads\/2025\/01\/CETICO-logo-white.png 350w, https:\/\/cetico.rs\/wp-content\/uploads\/2025\/01\/CETICO-logo-white-300x63.png 300w\" sizes=\"auto, (max-width: 350px) 100vw, 350px\" \/><\/figure>\n\n\n\n<p class=\"has-text-align-center has-white-color has-text-color\">Hajde da zajedno radimo na oblikovanju budu\u0107nosti infrastrukture u Srbiji i \u0161ire. Radujemo se saradnji sa vama na va\u0161em slede\u0107em projektu!<\/p>\n\n\n<div class=\"gb-button-wrapper gb-button-wrapper-93310676\">\n\n<a class=\"gb-button gb-button-c3f8336d animated bounceIn\" href=\"https:\/\/cetico.rs\/sr\/kontakt\/\"><span class=\"gb-button-text\">kontakt<\/span><span class=\"gb-icon\"><svg xmlns=\"http:\/\/www.w3.org\/2000\/svg\" viewBox=\"0 0 256 512\" width=\"1em\" height=\"1em\" aria-hidden=\"true\"><path d=\"M224.3 273l-136 136c-9.4 9.4-24.6 9.4-33.9 0l-22.6-22.6c-9.4-9.4-9.4-24.6 0-33.9l96.4-96.4-96.4-96.4c-9.4-9.4-9.4-24.6 0-33.9L54.3 103c9.4-9.4 24.6-9.4 33.9 0l136 136c9.5 9.4 9.5 24.6.1 34z\" fill=\"currentColor\"><\/path><\/svg><\/span><\/a>\n\n<\/div>\n<\/div><div class=\"gb-shapes\"><div class=\"gb-shape gb-shape-1\"><svg xmlns=\"http:\/\/www.w3.org\/2000\/svg\" viewBox=\"0 0 1200 50\" preserveAspectRatio=\"none\"><path d=\"M640 30L600 0l-40 30H0v20h1200V30z\"\/><\/svg><\/div><\/div><\/div>","protected":false},"excerpt":{"rendered":"<p>na\u0161i PARTNERi Tokom godina razvili smo sna\u017ena partnerstva sa vode\u0107im dizajnerskim i konsultantskim kompanijama, kao i stru\u010dnjacima iz razli\u010ditih tehni\u010dkih disciplina. To nam omogu\u0107ava da ponudimo sveobuhvatnu ekspertizu u: Kroz na\u0161u mre\u017eu pouzdanih partnera, obezbe\u0111ujemo da svaki projekat ima koristi od multidisciplinarne ekspertize i besprekorne koordinacije.ultidisciplinary expertise and seamless coordination. Kontaktirajte nas Hajde da zajedno &#8230; <a title=\"Partneri\" class=\"read-more\" href=\"https:\/\/cetico.rs\/sr\/partneri\/\" aria-label=\"Read more about Partneri\">Read more<\/a><\/p>\n","protected":false},"author":1,"featured_media":1707,"parent":0,"menu_order":0,"comment_status":"closed","ping_status":"closed","template":"","meta":{"_seopress_robots_primary_cat":"","_seopress_titles_title":"","_seopress_titles_desc":"","_seopress_robots_index":"","footnotes":""},"class_list":["post-1717","page","type-page","status-publish","has-post-thumbnail"],"_links":{"self":[{"href":"https:\/\/cetico.rs\/sr\/wp-json\/wp\/v2\/pages\/1717","targetHints":{"allow":["GET"]}}],"collection":[{"href":"https:\/\/cetico.rs\/sr\/wp-json\/wp\/v2\/pages"}],"about":[{"href":"https:\/\/cetico.rs\/sr\/wp-json\/wp\/v2\/types\/page"}],"author":[{"embeddable":true,"href":"https:\/\/cetico.rs\/sr\/wp-json\/wp\/v2\/users\/1"}],"replies":[{"embeddable":true,"href":"https:\/\/cetico.rs\/sr\/wp-json\/wp\/v2\/comments?post=1717"}],"version-history":[{"count":5,"href":"https:\/\/cetico.rs\/sr\/wp-json\/wp\/v2\/pages\/1717\/revisions"}],"predecessor-version":[{"id":1792,"href":"https:\/\/cetico.rs\/sr\/wp-json\/wp\/v2\/pages\/1717\/revisions\/1792"}],"wp:featuredmedia":[{"embeddable":true,"href":"https:\/\/cetico.rs\/sr\/wp-json\/wp\/v2\/media\/1707"}],"wp:attachment":[{"href":"https:\/\/cetico.rs\/sr\/wp-json\/wp\/v2\/media?parent=1717"}],"curies":[{"name":"wp","href":"https:\/\/api.w.org\/{rel}","templated":true}]}}