{"id":1721,"date":"2021-07-18T02:05:39","date_gmt":"2021-07-18T02:05:39","guid":{"rendered":"https:\/\/cetico.rs\/?page_id=1721"},"modified":"2025-01-19T13:29:38","modified_gmt":"2025-01-19T13:29:38","slug":"nase-usluge","status":"publish","type":"page","link":"https:\/\/cetico.rs\/sr\/nase-usluge\/","title":{"rendered":"Na\u0161e usluge"},"content":{"rendered":"<div class=\"gb-container gb-container-57f7b87d\" id=\"projektovanje\"><div class=\"gb-inside-container\">\n<div class=\"gb-grid-wrapper gb-grid-wrapper-0bcd5862\">\n<div class=\"gb-grid-column gb-grid-column-5881831a\"><div class=\"gb-container gb-container-5881831a\"><div class=\"gb-inside-container\">\n<div class=\"gb-grid-wrapper gb-grid-wrapper-e6bb0b80\">\n<div class=\"gb-grid-column gb-grid-column-589a72f3\"><div class=\"gb-container gb-container-589a72f3 animated fadeInLeft\"><div class=\"gb-inside-container\"><\/div><\/div><\/div>\n\n<div class=\"gb-grid-column gb-grid-column-2affe7d5\"><div class=\"gb-container gb-container-2affe7d5 animated fadeInRight\"><div class=\"gb-inside-container\"><\/div><\/div><\/div>\n\n<div class=\"gb-grid-column gb-grid-column-509cefbf\"><div class=\"gb-container gb-container-509cefbf animated fadeInUp\"><div class=\"gb-inside-container\"><\/div><\/div><\/div>\n<\/div>\n<\/div><\/div><\/div>\n\n<div class=\"gb-grid-column gb-grid-column-a165696b\"><div class=\"gb-container gb-container-a165696b\"><div class=\"gb-inside-container\">\n\n<h2 class=\"gb-headline gb-headline-2c5d5e60 gb-headline-text\"><strong><u><strong><u>Projektovanje<\/u><\/strong><\/u><\/strong><\/h2>\n\n\n\n<p>Na\u0161 tim iskusnih in\u017eenjera kombinuje stru\u010dnost, najsavremenije tehnologije i kreativnost kako bi pru\u017eio visokokvalitetna dizajnerska re\u0161enja koja prevazilaze o\u010dekivanja klijenata. Specijalizovani smo za:<\/p>\n\n\n\n<ul class=\"wp-block-list\">\n<li><strong>Putne mre\u017ee<\/strong>: Autoputevi, prate\u0107i sadr\u017eaji, raskrsnice i pristupni putevi.<\/li>\n\n\n\n<li><strong>Urbana infrastruktura<\/strong>: Gradski putevi, parkirali\u0161ta, gara\u017ee i pe\u0161a\u010dke zone.<\/li>\n\n\n\n<li><strong>Industrijske zone<\/strong>: Saobra\u0107ajne povr\u0161ine i teretne zone u logisti\u010dkim centrima.<\/li>\n\n\n\n<li><strong>Nekategorisani pristupni putevi<\/strong>: Veze sa gradili\u0161tima, obnovljivim izvorima energije, industrijskim ili stambenim zonama.<\/li>\n\n\n\n<li><strong>Modeliranje terena<\/strong>: Za urbane zone, deponije, industrijske lokacije i energetske projekte.<\/li>\n<\/ul>\n\n\n\n<p>Pru\u017eamo usluge \u201dklju\u010d u ruke\u201d, uklju\u010duju\u0107i:<\/p>\n\n\n\n<ul class=\"wp-block-list\">\n<li>Priprema svih faza projektne dokumentacije za izdavanja dozvola i saglasnosti.<\/li>\n\n\n\n<li><strong>Tehni\u010dka kontrola<\/strong>: Pregled i revizija projektne dokumentacije.<\/li>\n\n\n\n<li>Projekte za izvo\u0111enje i Projekte izvedenog stanja kako bi se izvr\u0161ila efikasna primopredaja projekta.<\/li>\n<\/ul>\n\n<\/div><\/div><\/div>\n<\/div>\n<\/div><\/div>\n\n<div class=\"gb-container gb-container-9778a39a\" id=\"konsalting\"><div class=\"gb-inside-container\">\n<div class=\"gb-grid-wrapper gb-grid-wrapper-95ee0228\">\n<div class=\"gb-grid-column gb-grid-column-9affac0b\"><div class=\"gb-container gb-container-9affac0b\"><div class=\"gb-inside-container\">\n\n<h2 class=\"gb-headline gb-headline-06e02803 gb-headline-text\"><strong><u><strong><u><strong><u>Konsalting<\/u><\/strong><\/u><\/strong><\/u><\/strong><\/h2>\n\n\n\n<p>Na\u0161e sveobuhvatne konsultantske usluge poma\u017eu klijentima da se kre\u0107u kroz slo\u017eene projekte sa poverenjem. Klju\u010dne aktivnosti su:<\/p>\n\n\n\n<ul class=\"wp-block-list\">\n<li><strong>Tehni\u010dka pomo\u0107<\/strong>: Podr\u0161ka klijentima pre, tokom i nakon implementacije projekta.<\/li>\n\n\n\n<li><strong>Due Diligence Izve\u0161taji<\/strong>: Pregled, procene i procena rizika, tr\u017ei\u0161ta, operativni procesi, pravni dokumenti, konkurentno okru\u017eenje, resursi i sposobnosti.<\/li>\n\n\n\n<li><strong>Konceptualna i preliminarna re\u0161enja: <\/strong>Priprema po\u010detne faze procesa projektovanja, generisanje ideja i koncepata za re\u0161avanje specifi\u010dnih problema i definisanje zahteva projekta.<\/li>\n\n\n\n<li><strong>Tenderska podr\u0161ka<\/strong>: Pomo\u0107 u pripremi tenderske dokumentacije, evaluaciji ponuda i proceni rizika.<\/li>\n\n\n\n<li><strong>Studije izvodljivosti<\/strong>: Obezbe\u0111ivanje optimalnih ishoda projekta kroz detaljnu analizu.<\/li>\n\n\n\n<li><strong>Podr\u0161ka za upravljanje projektima<\/strong>: Optimizacija procesa, resursa i rokova radi unapre\u0111enja implementacije.<\/li>\n<\/ul>\n\n\n\n<p>Na\u0161a multidisciplinarna ekspertiza omogu\u0107ava klijentima da donose promi\u0161ljene odluke, optimizuju resurse i posti\u017eu strate\u0161ke ciljeve.<\/p>\n\n<\/div><\/div><\/div>\n\n<div class=\"gb-grid-column gb-grid-column-53328eb4\"><div class=\"gb-container gb-container-53328eb4\"><div class=\"gb-inside-container\">\n<div class=\"gb-grid-wrapper gb-grid-wrapper-17f35650\">\n<div class=\"gb-grid-column gb-grid-column-c7980618\"><div class=\"gb-container gb-container-c7980618 animated fadeInLeft\"><div class=\"gb-inside-container\"><\/div><\/div><\/div>\n\n<div class=\"gb-grid-column gb-grid-column-7606d90f\"><div class=\"gb-container gb-container-7606d90f animated fadeInRight\"><div class=\"gb-inside-container\"><\/div><\/div><\/div>\n\n<div class=\"gb-grid-column gb-grid-column-d1111a1d\"><div class=\"gb-container gb-container-d1111a1d animated fadeInUp\"><div class=\"gb-inside-container\"><\/div><\/div><\/div>\n<\/div>\n<\/div><\/div><\/div>\n<\/div>\n<\/div><\/div>\n\n<div class=\"gb-container gb-container-9440476b\" id=\"nadzor\"><div class=\"gb-inside-container\">\n<div class=\"gb-grid-wrapper gb-grid-wrapper-7338db89\">\n<div class=\"gb-grid-column gb-grid-column-d37e785a\"><div class=\"gb-container gb-container-d37e785a\"><div class=\"gb-inside-container\">\n<div class=\"gb-grid-wrapper gb-grid-wrapper-906cb3cd\">\n<div class=\"gb-grid-column gb-grid-column-104aed19\"><div class=\"gb-container gb-container-104aed19 animated fadeInLeft\"><div class=\"gb-inside-container\"><\/div><\/div><\/div>\n\n<div class=\"gb-grid-column gb-grid-column-009189d8\"><div class=\"gb-container gb-container-009189d8 animated fadeInRight\"><div class=\"gb-inside-container\"><\/div><\/div><\/div>\n\n<div class=\"gb-grid-column gb-grid-column-fa757df5\"><div class=\"gb-container gb-container-fa757df5 animated fadeInUp\"><div class=\"gb-inside-container\"><\/div><\/div><\/div>\n<\/div>\n<\/div><\/div><\/div>\n\n<div class=\"gb-grid-column gb-grid-column-8811fc66\"><div class=\"gb-container gb-container-8811fc66\"><div class=\"gb-inside-container\">\n\n<h2 class=\"gb-headline gb-headline-4a3a3133 gb-headline-text\"><strong><u><strong><u><strong><u>Nadzor<\/u><\/strong><\/u><\/strong><\/u><\/strong><\/h2>\n\n\n\n<p>Sa dugogodi\u0161njim iskustvom u slo\u017eenim projektima putne infrastrukture na Balkanu i \u0161ire, pru\u017eamo stru\u010dni nadzor u skladu sa ugovorima modela &nbsp;<strong>FIDIC<\/strong>, <strong>PRAG <\/strong>&nbsp;i lokalnim propisima:<\/p>\n\n\n\n<ul class=\"wp-block-list\">\n<li>Obezbe\u0111ivanje uskla\u0111enosti sa ugovornim klauzulama i projektnim procedurama.<\/li>\n\n\n\n<li>Pra\u0107enje napretka rada, kori\u0161\u0107enja resursa i kvaliteta materijala.<\/li>\n\n\n\n<li>Provera po\u0161tovanja tehni\u010dkih standarda i zakonskih propisa.<\/li>\n\n\n\n<li>Upravljanje projektnom dokumentacijom, uklju\u010duju\u0107i izve\u0161taje, gradili\u0161nu dokumentaciju, potra\u017eivanja za pla\u0107anje i naloge za varijacije.<\/li>\n<\/ul>\n\n\n\n<p>Delujemo kao pouzdan partner kako bismo osigurali da se projekti isporu\u010duju na vreme, u okviru bud\u017eeta i po najvi\u0161im standardima kvaliteta.hin budget, and to the highest quality standards.<\/p>\n\n<\/div><\/div><\/div>\n<\/div>\n<\/div><\/div>\n\n<div class=\"gb-container gb-container-8f09ebe6\"><div class=\"gb-inside-container\">\n\n<h3 class=\"gb-headline gb-headline-efe08fd0\"><span class=\"gb-icon\"><svg aria-hidden=\"true\" role=\"img\" height=\"1em\" width=\"1em\" viewBox=\"0 0 448 512\" xmlns=\"http:\/\/www.w3.org\/2000\/svg\"><path fill=\"currentColor\" d=\"M400 32H48C21.49 32 0 53.49 0 80v352c0 26.51 21.49 48 48 48h352c26.51 0 48-21.49 48-48V80c0-26.51-21.49-48-48-48zm0 400H48V80h352v352zm-35.864-241.724L191.547 361.48c-4.705 4.667-12.303 4.637-16.97-.068l-90.781-91.516c-4.667-4.705-4.637-12.303.069-16.971l22.719-22.536c4.705-4.667 12.303-4.637 16.97.069l59.792 60.277 141.352-140.216c4.705-4.667 12.303-4.637 16.97.068l22.536 22.718c4.667 4.706 4.637 12.304-.068 16.971z\"><\/path><\/svg><\/span><span class=\"gb-headline-text\">Kontaktirajte nas<\/span><\/h3>\n\n\n\n<figure class=\"gb-block-image gb-block-image-5f9a1854\"><img loading=\"lazy\" decoding=\"async\" width=\"350\" height=\"74\" class=\"gb-image gb-image-5f9a1854\" src=\"https:\/\/cetico.rs\/wp-content\/uploads\/2025\/01\/CETICO-logo-white.png\" alt=\"\" title=\"CETICO-logo-white\" srcset=\"https:\/\/cetico.rs\/wp-content\/uploads\/2025\/01\/CETICO-logo-white.png 350w, https:\/\/cetico.rs\/wp-content\/uploads\/2025\/01\/CETICO-logo-white-300x63.png 300w\" sizes=\"auto, (max-width: 350px) 100vw, 350px\" \/><\/figure>\n\n\n\n<p class=\"has-text-align-center has-white-color has-text-color\">Hajde da zajedno radimo na oblikovanju budu\u0107nosti infrastrukture u Srbiji i \u0161ire. Radujemo se saradnji sa vama na va\u0161em slede\u0107em projektu!<\/p>\n\n\n<div class=\"gb-button-wrapper gb-button-wrapper-93310676\">\n\n<a class=\"gb-button gb-button-c3f8336d animated bounceIn\" href=\"https:\/\/cetico.rs\/sr\/kontakt\/\"><span class=\"gb-button-text\">kontakt<\/span><span class=\"gb-icon\"><svg xmlns=\"http:\/\/www.w3.org\/2000\/svg\" viewBox=\"0 0 256 512\" width=\"1em\" height=\"1em\" aria-hidden=\"true\"><path d=\"M224.3 273l-136 136c-9.4 9.4-24.6 9.4-33.9 0l-22.6-22.6c-9.4-9.4-9.4-24.6 0-33.9l96.4-96.4-96.4-96.4c-9.4-9.4-9.4-24.6 0-33.9L54.3 103c9.4-9.4 24.6-9.4 33.9 0l136 136c9.5 9.4 9.5 24.6.1 34z\" fill=\"currentColor\"><\/path><\/svg><\/span><\/a>\n\n<\/div>\n<\/div><div class=\"gb-shapes\"><div class=\"gb-shape gb-shape-1\"><svg xmlns=\"http:\/\/www.w3.org\/2000\/svg\" viewBox=\"0 0 1200 50\" preserveAspectRatio=\"none\"><path d=\"M640 30L600 0l-40 30H0v20h1200V30z\"\/><\/svg><\/div><\/div><\/div>","protected":false},"excerpt":{"rendered":"<p>Kontaktirajte nas Hajde da zajedno radimo na oblikovanju budu\u0107nosti infrastrukture u Srbiji i \u0161ire. Radujemo se saradnji sa vama na va\u0161em slede\u0107em projektu!<\/p>\n","protected":false},"author":1,"featured_media":1706,"parent":0,"menu_order":0,"comment_status":"closed","ping_status":"closed","template":"","meta":{"_seopress_robots_primary_cat":"","_seopress_titles_title":"","_seopress_titles_desc":"","_seopress_robots_index":"","footnotes":""},"class_list":["post-1721","page","type-page","status-publish","has-post-thumbnail"],"_links":{"self":[{"href":"https:\/\/cetico.rs\/sr\/wp-json\/wp\/v2\/pages\/1721","targetHints":{"allow":["GET"]}}],"collection":[{"href":"https:\/\/cetico.rs\/sr\/wp-json\/wp\/v2\/pages"}],"about":[{"href":"https:\/\/cetico.rs\/sr\/wp-json\/wp\/v2\/types\/page"}],"author":[{"embeddable":true,"href":"https:\/\/cetico.rs\/sr\/wp-json\/wp\/v2\/users\/1"}],"replies":[{"embeddable":true,"href":"https:\/\/cetico.rs\/sr\/wp-json\/wp\/v2\/comments?post=1721"}],"version-history":[{"count":5,"href":"https:\/\/cetico.rs\/sr\/wp-json\/wp\/v2\/pages\/1721\/revisions"}],"predecessor-version":[{"id":1791,"href":"https:\/\/cetico.rs\/sr\/wp-json\/wp\/v2\/pages\/1721\/revisions\/1791"}],"wp:featuredmedia":[{"embeddable":true,"href":"https:\/\/cetico.rs\/sr\/wp-json\/wp\/v2\/media\/1706"}],"wp:attachment":[{"href":"https:\/\/cetico.rs\/sr\/wp-json\/wp\/v2\/media?parent=1721"}],"curies":[{"name":"wp","href":"https:\/\/api.w.org\/{rel}","templated":true}]}}